{"id":35,"date":"2025-09-10T19:35:11","date_gmt":"2025-09-10T17:35:11","guid":{"rendered":"https:\/\/powerzonegym.cezaryzagorski.pl\/?page_id=35"},"modified":"2025-09-11T23:58:40","modified_gmt":"2025-09-11T21:58:40","slug":"kontakt","status":"publish","type":"page","link":"https:\/\/powerzonegym.cezaryzagorski.pl\/?page_id=35","title":{"rendered":"Kontakt"},"content":{"rendered":"\t\t<div data-elementor-type=\"page\" data-elementor-id=\"35\" class=\"elementor elementor-35\" data-elementor-post-type=\"page\">\n\t\t\t\t<div class=\"elementor-element elementor-element-e639d0f e-con-full e-flex e-con e-parent\" data-id=\"e639d0f\" data-element_type=\"container\" data-settings=\"{&quot;background_background&quot;:&quot;classic&quot;,&quot;background_motion_fx_motion_fx_mouse&quot;:&quot;yes&quot;,&quot;background_motion_fx_mouseTrack_effect&quot;:&quot;yes&quot;,&quot;background_motion_fx_mouseTrack_speed&quot;:{&quot;unit&quot;:&quot;px&quot;,&quot;size&quot;:0.4,&quot;sizes&quot;:[]}}\">\n\t\t<div class=\"elementor-element elementor-element-bb60c1d e-con-full e-flex e-con e-child\" data-id=\"bb60c1d\" data-element_type=\"container\">\n\t\t\t\t<div class=\"elementor-element elementor-element-c3daf81 elementor-widget elementor-widget-heading\" data-id=\"c3daf81\" data-element_type=\"widget\" data-widget_type=\"heading.default\">\n\t\t\t\t\t<h2 class=\"elementor-heading-title elementor-size-default\">PowerZone Gym \u2013 Twoje miejsce treningu w centrum miasta<\/h2>\t\t\t\t<\/div>\n\t\t\t\t<div class=\"elementor-element elementor-element-68285f9 elementor-widget elementor-widget-text-editor\" data-id=\"68285f9\" data-element_type=\"widget\" data-widget_type=\"text-editor.default\">\n\t\t\t\t\t\t\t\t\t<p>Najlepsza si\u0142ownia w mie\u015bcie \u2013 sprawd\u017a, dlaczego warto trenowa\u0107 z nami!<\/p><p>Nowoczesny sprz\u0119t, do\u015bwiadczeni trenerzy i atmosfera, kt\u00f3ra daje motywacj\u0119 ka\u017cdego dnia.<\/p>\t\t\t\t\t\t\t\t<\/div>\n\t\t\t\t<\/div>\n\t\t<div class=\"elementor-element elementor-element-c4d3e4c e-con-full e-flex e-con e-child\" data-id=\"c4d3e4c\" data-element_type=\"container\">\n\t\t\t\t<div class=\"elementor-element elementor-element-7888e7c elementor-widget elementor-widget-image\" data-id=\"7888e7c\" data-element_type=\"widget\" data-widget_type=\"image.default\">\n\t\t\t\t\t\t\t\t\t\t\t\t\t\t\t<img fetchpriority=\"high\" decoding=\"async\" width=\"800\" height=\"600\" src=\"https:\/\/powerzonegym.cezaryzagorski.pl\/wp-content\/uploads\/2025\/09\/sprzet-silownia.jpg\" class=\"attachment-large size-large wp-image-72\" alt=\"\" srcset=\"https:\/\/powerzonegym.cezaryzagorski.pl\/wp-content\/uploads\/2025\/09\/sprzet-silownia.jpg 800w, https:\/\/powerzonegym.cezaryzagorski.pl\/wp-content\/uploads\/2025\/09\/sprzet-silownia-300x225.jpg 300w, https:\/\/powerzonegym.cezaryzagorski.pl\/wp-content\/uploads\/2025\/09\/sprzet-silownia-768x576.jpg 768w\" sizes=\"(max-width: 800px) 100vw, 800px\" \/>\t\t\t\t\t\t\t\t\t\t\t\t\t\t\t<\/div>\n\t\t\t\t<\/div>\n\t\t\t\t<\/div>\n\t\t<div class=\"elementor-element elementor-element-8b3bfe5 e-con-full e-flex e-con e-parent\" data-id=\"8b3bfe5\" data-element_type=\"container\" data-settings=\"{&quot;background_background&quot;:&quot;classic&quot;,&quot;background_motion_fx_motion_fx_mouse&quot;:&quot;yes&quot;,&quot;background_motion_fx_mouseTrack_effect&quot;:&quot;yes&quot;,&quot;background_motion_fx_mouseTrack_speed&quot;:{&quot;unit&quot;:&quot;px&quot;,&quot;size&quot;:0.3,&quot;sizes&quot;:[]}}\">\n\t\t<div class=\"elementor-element elementor-element-80b2615 e-con-full e-flex e-con e-child\" data-id=\"80b2615\" data-element_type=\"container\">\n\t\t\t\t<div class=\"elementor-element elementor-element-1c4f57c elementor-widget elementor-widget-heading\" data-id=\"1c4f57c\" data-element_type=\"widget\" data-widget_type=\"heading.default\">\n\t\t\t\t\t<h2 class=\"elementor-heading-title elementor-size-default\">Skontaktuj si\u0119 z nami i zacznij swoj\u0105 przygod\u0119 ju\u017c dzisiaj <\/h2>\t\t\t\t<\/div>\n\t\t<div class=\"elementor-element elementor-element-4efc0af e-con-full e-flex e-con e-child\" data-id=\"4efc0af\" data-element_type=\"container\">\n\t\t\t\t<div class=\"elementor-element elementor-element-14e2a76 eael-wpforms-form-button-full-width elementor-widget__width-initial eael-wpforms-labels-yes elementor-widget elementor-widget-eael-wpforms\" data-id=\"14e2a76\" data-element_type=\"widget\" data-widget_type=\"eael-wpforms.default\">\n\t\t\t\t\t            <div class=\"eael-contact-form eael-wpforms eael-wpforms-align-default\">\n                                <div class=\"wpforms-container wpforms-container-full wpforms-render-modern\" id=\"wpforms-86\"><form id=\"wpforms-form-86\" class=\"wpforms-validate wpforms-form wpforms-ajax-form\" data-formid=\"86\" method=\"post\" enctype=\"multipart\/form-data\" action=\"\/index.php?rest_route=%2Fwp%2Fv2%2Fpages%2F35\" data-token=\"55d0816f226b5570b84cabcaec836990\" data-token-time=\"1776601289\"><div class=\"wpforms-head-container\"><\/div><noscript class=\"wpforms-error-noscript\">Please enable JavaScript in your browser to complete this form.<\/noscript><div id=\"wpforms-error-noscript\" style=\"display: none;\">Please enable JavaScript in your browser to complete this form.<\/div><div class=\"wpforms-field-container\"><div id=\"wpforms-86-field_1-container\" class=\"wpforms-field wpforms-field-name\" data-field-id=\"1\"><input type=\"text\" id=\"wpforms-86-field_1\" class=\"wpforms-field-medium wpforms-field-required\" name=\"wpforms[fields][1]\" placeholder=\"Imie i Nazwisko\" aria-errormessage=\"wpforms-86-field_1-error\" required><\/div><div id=\"wpforms-86-field_2-container\" class=\"wpforms-field wpforms-field-email\" data-field-id=\"2\"><input type=\"email\" id=\"wpforms-86-field_2\" class=\"wpforms-field-medium wpforms-field-required\" name=\"wpforms[fields][2]\" placeholder=\"Adres Email\" spellcheck=\"false\" aria-errormessage=\"wpforms-86-field_2-error\" required><\/div>\t\t<div id=\"wpforms-86-field_4-container\"\n\t\t\tclass=\"wpforms-field wpforms-field-text\"\n\t\t\tdata-field-type=\"text\"\n\t\t\tdata-field-id=\"4\"\n\t\t\t>\n\t\t\t<label class=\"wpforms-field-label\" for=\"wpforms-86-field_4\" ><\/label>\n\t\t\t<input type=\"text\" id=\"wpforms-86-field_4\" class=\"wpforms-field-medium\" name=\"wpforms[fields][4]\" >\n\t\t<\/div>\n\t\t<div id=\"wpforms-86-field_5-container\" class=\"wpforms-field wpforms-field-text\" data-field-id=\"5\"><input type=\"text\" id=\"wpforms-86-field_5\" class=\"wpforms-field-medium\" name=\"wpforms[fields][5]\" placeholder=\"Numer Telefonu\" aria-errormessage=\"wpforms-86-field_5-error\" ><\/div><div id=\"wpforms-86-field_3-container\" class=\"wpforms-field wpforms-field-textarea\" data-field-id=\"3\"><textarea id=\"wpforms-86-field_3\" class=\"wpforms-field-medium\" name=\"wpforms[fields][3]\" placeholder=\"Wpisz swoj\u0105 wiadomo\u015b\u0107\" aria-errormessage=\"wpforms-86-field_3-error\" ><\/textarea><\/div><script>\n\t\t\t\t( function() {\n\t\t\t\t\tconst style = document.createElement( 'style' );\n\t\t\t\t\tstyle.appendChild( document.createTextNode( '#wpforms-86-field_4-container { position: absolute !important; overflow: hidden !important; display: inline !important; height: 1px !important; width: 1px !important; z-index: -1000 !important; padding: 0 !important; } #wpforms-86-field_4-container input { visibility: hidden; } #wpforms-conversational-form-page #wpforms-86-field_4-container label { counter-increment: none; }' ) );\n\t\t\t\t\tdocument.head.appendChild( style );\n\t\t\t\t\tdocument.currentScript?.remove();\n\t\t\t\t} )();\n\t\t\t<\/script><\/div><!-- .wpforms-field-container --><div class=\"wpforms-submit-container\" ><input type=\"hidden\" name=\"wpforms[id]\" value=\"86\"><input type=\"hidden\" name=\"page_title\" value=\"\"><input type=\"hidden\" name=\"page_url\" value=\"https:\/\/powerzonegym.cezaryzagorski.pl\/index.php?rest_route=\/wp\/v2\/pages\/35\"><input type=\"hidden\" name=\"url_referer\" value=\"\"><button type=\"submit\" name=\"wpforms[submit]\" id=\"wpforms-submit-86\" class=\"wpforms-submit\" data-alt-text=\"Wysy\u0142anie...\" data-submit-text=\"Prze\u015blij\" aria-live=\"assertive\" value=\"wpforms-submit\">Prze\u015blij<\/button><img decoding=\"async\" src=\"https:\/\/powerzonegym.cezaryzagorski.pl\/wp-content\/plugins\/wpforms\/assets\/images\/submit-spin.svg\" class=\"wpforms-submit-spinner\" style=\"display: none;\" width=\"26\" height=\"26\" alt=\"Loading\"><\/div><\/form><\/div>  <!-- .wpforms-container -->            <\/div>\n\t\t\t\t<\/div>\n\t\t\t\t<\/div>\n\t\t\t\t<\/div>\n\t\t\t\t<\/div>\n\t\t\t\t<\/div>\n\t\t","protected":false},"excerpt":{"rendered":"<p>PowerZone Gym \u2013 Twoje miejsce treningu w centrum miasta Najlepsza si\u0142ownia w mie\u015bcie \u2013 sprawd\u017a, dlaczego warto trenowa\u0107 z nami! [&hellip;]<\/p>\n","protected":false},"author":1,"featured_media":0,"parent":0,"menu_order":0,"comment_status":"closed","ping_status":"closed","template":"elementor_header_footer","meta":{"site-sidebar-layout":"no-sidebar","site-content-layout":"","ast-site-content-layout":"full-width-container","site-content-style":"default","site-sidebar-style":"default","ast-global-header-display":"","ast-banner-title-visibility":"","ast-main-header-display":"","ast-hfb-above-header-display":"","ast-hfb-below-header-display":"","ast-hfb-mobile-header-display":"","site-post-title":"disabled","ast-breadcrumbs-content":"","ast-featured-img":"disabled","footer-sml-layout":"","theme-transparent-header-meta":"","adv-header-id-meta":"","stick-header-meta":"","header-above-stick-meta":"","header-main-stick-meta":"","header-below-stick-meta":"","astra-migrate-meta-layouts":"default","ast-page-background-enabled":"default","ast-page-background-meta":{"desktop":{"background-color":"var(--ast-global-color-5)","background-image":"","background-repeat":"repeat","background-position":"center center","background-size":"auto","background-attachment":"scroll","background-type":"","background-media":"","overlay-type":"","overlay-color":"","overlay-opacity":"","overlay-gradient":""},"tablet":{"background-color":"","background-image":"","background-repeat":"repeat","background-position":"center center","background-size":"auto","background-attachment":"scroll","background-type":"","background-media":"","overlay-type":"","overlay-color":"","overlay-opacity":"","overlay-gradient":""},"mobile":{"background-color":"","background-image":"","background-repeat":"repeat","background-position":"center center","background-size":"auto","background-attachment":"scroll","background-type":"","background-media":"","overlay-type":"","overlay-color":"","overlay-opacity":"","overlay-gradient":""}},"ast-content-background-meta":{"desktop":{"background-color":"var(--ast-global-color-4)","background-image":"","background-repeat":"repeat","background-position":"center center","background-size":"auto","background-attachment":"scroll","background-type":"","background-media":"","overlay-type":"","overlay-color":"","overlay-opacity":"","overlay-gradient":""},"tablet":{"background-color":"var(--ast-global-color-4)","background-image":"","background-repeat":"repeat","background-position":"center center","background-size":"auto","background-attachment":"scroll","background-type":"","background-media":"","overlay-type":"","overlay-color":"","overlay-opacity":"","overlay-gradient":""},"mobile":{"background-color":"var(--ast-global-color-4)","background-image":"","background-repeat":"repeat","background-position":"center center","background-size":"auto","background-attachment":"scroll","background-type":"","background-media":"","overlay-type":"","overlay-color":"","overlay-opacity":"","overlay-gradient":""}},"footnotes":""},"class_list":["post-35","page","type-page","status-publish","hentry"],"_links":{"self":[{"href":"https:\/\/powerzonegym.cezaryzagorski.pl\/index.php?rest_route=\/wp\/v2\/pages\/35","targetHints":{"allow":["GET"]}}],"collection":[{"href":"https:\/\/powerzonegym.cezaryzagorski.pl\/index.php?rest_route=\/wp\/v2\/pages"}],"about":[{"href":"https:\/\/powerzonegym.cezaryzagorski.pl\/index.php?rest_route=\/wp\/v2\/types\/page"}],"author":[{"embeddable":true,"href":"https:\/\/powerzonegym.cezaryzagorski.pl\/index.php?rest_route=\/wp\/v2\/users\/1"}],"replies":[{"embeddable":true,"href":"https:\/\/powerzonegym.cezaryzagorski.pl\/index.php?rest_route=%2Fwp%2Fv2%2Fcomments&post=35"}],"version-history":[{"count":14,"href":"https:\/\/powerzonegym.cezaryzagorski.pl\/index.php?rest_route=\/wp\/v2\/pages\/35\/revisions"}],"predecessor-version":[{"id":178,"href":"https:\/\/powerzonegym.cezaryzagorski.pl\/index.php?rest_route=\/wp\/v2\/pages\/35\/revisions\/178"}],"wp:attachment":[{"href":"https:\/\/powerzonegym.cezaryzagorski.pl\/index.php?rest_route=%2Fwp%2Fv2%2Fmedia&parent=35"}],"curies":[{"name":"wp","href":"https:\/\/api.w.org\/{rel}","templated":true}]}}