{"id":20,"date":"2025-09-10T19:33:36","date_gmt":"2025-09-10T17:33:36","guid":{"rendered":"https:\/\/powerzonegym.cezaryzagorski.pl\/?page_id=20"},"modified":"2025-09-12T00:03:08","modified_gmt":"2025-09-11T22:03:08","slug":"strona-domowa","status":"publish","type":"page","link":"https:\/\/powerzonegym.cezaryzagorski.pl\/","title":{"rendered":"Strona Domowa"},"content":{"rendered":"\t\t<div data-elementor-type=\"page\" data-elementor-id=\"20\" class=\"elementor elementor-20\" data-elementor-post-type=\"page\">\n\t\t\t\t<div class=\"elementor-element elementor-element-2ce80f0 e-con-full e-flex e-con e-parent\" data-id=\"2ce80f0\" data-element_type=\"container\" data-settings=\"{&quot;background_background&quot;:&quot;classic&quot;,&quot;background_motion_fx_motion_fx_mouse&quot;:&quot;yes&quot;,&quot;background_motion_fx_mouseTrack_effect&quot;:&quot;yes&quot;,&quot;background_motion_fx_mouseTrack_speed&quot;:{&quot;unit&quot;:&quot;px&quot;,&quot;size&quot;:0.5,&quot;sizes&quot;:[]}}\">\n\t\t<div class=\"elementor-element elementor-element-9e9301f e-con-full e-flex e-con e-child\" data-id=\"9e9301f\" data-element_type=\"container\">\n\t\t\t\t<div class=\"elementor-element elementor-element-94351e4 elementor-widget elementor-widget-heading\" data-id=\"94351e4\" data-element_type=\"widget\" data-widget_type=\"heading.default\">\n\t\t\t\t\t<h2 class=\"elementor-heading-title elementor-size-default\">PowerZone Gym \u2013 Twoje miejsce treningu w centrum miasta<\/h2>\t\t\t\t<\/div>\n\t\t\t\t<div class=\"elementor-element elementor-element-2534825 elementor-widget elementor-widget-text-editor\" data-id=\"2534825\" data-element_type=\"widget\" data-widget_type=\"text-editor.default\">\n\t\t\t\t\t\t\t\t\t<p>Najlepsza si\u0142ownia w mie\u015bcie \u2013 sprawd\u017a, dlaczego warto trenowa\u0107 z nami!<\/p><p>Nowoczesny sprz\u0119t, do\u015bwiadczeni trenerzy i atmosfera, kt\u00f3ra daje motywacj\u0119 ka\u017cdego dnia.<\/p>\t\t\t\t\t\t\t\t<\/div>\n\t\t\t\t<\/div>\n\t\t<div class=\"elementor-element elementor-element-0452a36 e-con-full e-flex e-con e-child\" data-id=\"0452a36\" data-element_type=\"container\">\n\t\t\t\t<div class=\"elementor-element elementor-element-925abb6 elementor-widget elementor-widget-image\" data-id=\"925abb6\" data-element_type=\"widget\" data-widget_type=\"image.default\">\n\t\t\t\t\t\t\t\t\t\t\t\t\t\t\t<img fetchpriority=\"high\" decoding=\"async\" width=\"800\" height=\"600\" src=\"https:\/\/powerzonegym.cezaryzagorski.pl\/wp-content\/uploads\/2025\/09\/sprzet-silownia.jpg\" class=\"attachment-large size-large wp-image-72\" alt=\"\" srcset=\"https:\/\/powerzonegym.cezaryzagorski.pl\/wp-content\/uploads\/2025\/09\/sprzet-silownia.jpg 800w, https:\/\/powerzonegym.cezaryzagorski.pl\/wp-content\/uploads\/2025\/09\/sprzet-silownia-300x225.jpg 300w, https:\/\/powerzonegym.cezaryzagorski.pl\/wp-content\/uploads\/2025\/09\/sprzet-silownia-768x576.jpg 768w\" sizes=\"(max-width: 800px) 100vw, 800px\" \/>\t\t\t\t\t\t\t\t\t\t\t\t\t\t\t<\/div>\n\t\t\t\t<\/div>\n\t\t\t\t<\/div>\n\t\t<div class=\"elementor-element elementor-element-f3741c2 e-con-full e-flex e-con e-parent\" data-id=\"f3741c2\" data-element_type=\"container\" data-settings=\"{&quot;background_background&quot;:&quot;classic&quot;}\">\n\t\t\t\t<div class=\"elementor-element elementor-element-cca79c0 elementor-widget elementor-widget-heading\" data-id=\"cca79c0\" data-element_type=\"widget\" data-widget_type=\"heading.default\">\n\t\t\t\t\t<h2 class=\"elementor-heading-title elementor-size-default\">Pare s\u0142\u00f3w o nas<\/h2>\t\t\t\t<\/div>\n\t\t\t\t<div class=\"elementor-element elementor-element-d916f7c elementor-widget elementor-widget-text-editor\" data-id=\"d916f7c\" data-element_type=\"widget\" data-widget_type=\"text-editor.default\">\n\t\t\t\t\t\t\t\t\t<p data-start=\"241\" data-end=\"534\">PowerZone Gym to miejsce, w kt\u00f3rym trening staje si\u0119 stylem \u017cycia, a nie przykrym obowi\u0105zkiem. Naszym celem by\u0142o stworzenie przestrzeni, w kt\u00f3rej ka\u017cdy \u2013 bez wzgl\u0119du na wiek, p\u0142e\u0107 czy poziom zaawansowania \u2013 znajdzie dla siebie idealne warunki do pracy nad sylwetk\u0105, zdrowiem i samopoczuciem.<\/p><p data-start=\"536\" data-end=\"929\">Nasza si\u0142ownia to ponad <strong data-start=\"560\" data-end=\"607\">1000 m\u00b2 nowoczesnej powierzchni treningowej<\/strong>, podzielonej na wygodne i przejrzyste strefy. Dzi\u0119ki temu mo\u017cesz wybra\u0107 dok\u0142adnie taki trening, jaki lubisz: cardio, si\u0142owy, funkcjonalny czy zaj\u0119cia grupowe. Sprz\u0119t renomowanych marek, wolne ci\u0119\u017cary, przestronne sale i strefa relaksu sprawiaj\u0105, \u017ce PowerZone Gym spe\u0142nia oczekiwania nawet najbardziej wymagaj\u0105cych os\u00f3b.<\/p><p data-start=\"931\" data-end=\"1357\">Ale PowerZone Gym to nie tylko sprz\u0119t i m\u00b2 \u2013 to przede wszystkim <strong data-start=\"996\" data-end=\"1018\">ludzie i atmosfera<\/strong>. Nasz zesp\u00f3\u0142 sk\u0142ada si\u0119 z do\u015bwiadczonych trener\u00f3w personalnych i instruktor\u00f3w, kt\u00f3rzy nie tylko przygotuj\u0105 plan treningowy, ale tak\u017ce b\u0119d\u0105 Twoj\u0105 motywacj\u0105 i wsparciem na ka\u017cdym etapie drogi. Tworzymy spo\u0142eczno\u015b\u0107 os\u00f3b, kt\u00f3re wzajemnie si\u0119 inspiruj\u0105 i dodaj\u0105 sobie energii, aby ka\u017cdy trening by\u0142 kolejnym krokiem do lepszej wersji siebie.<\/p><p data-start=\"1359\" data-end=\"1430\">\ud83d\udc49 PowerZone Gym to klub dla Ciebie, je\u015bli szukasz miejsca, w kt\u00f3rym:<\/p><ul data-start=\"1431\" data-end=\"1748\"><li data-start=\"1431\" data-end=\"1535\"><p data-start=\"1433\" data-end=\"1535\">poczujesz si\u0119 swobodnie \u2013 niezale\u017cnie od tego, czy dopiero zaczynasz, czy masz ju\u017c lata do\u015bwiadcze\u0144,<\/p><\/li><li data-start=\"1536\" data-end=\"1607\"><p data-start=\"1538\" data-end=\"1607\">znajdziesz profesjonaln\u0105 opiek\u0119 i praktyczne wskaz\u00f3wki od trener\u00f3w,<\/p><\/li><li data-start=\"1608\" data-end=\"1664\"><p data-start=\"1610\" data-end=\"1664\">po\u0142\u0105czysz wysi\u0142ek fizyczny z relaksem i regeneracj\u0105,<\/p><\/li><li data-start=\"1665\" data-end=\"1748\"><p data-start=\"1667\" data-end=\"1748\">spotkasz ludzi, kt\u00f3rzy \u2013 tak jak Ty \u2013 stawiaj\u0105 na zdrowie i aktywny tryb \u017cycia.<\/p><\/li><\/ul>\t\t\t\t\t\t\t\t<\/div>\n\t\t\t\t<\/div>\n\t\t<div class=\"elementor-element elementor-element-6589f8f e-con-full e-flex e-con e-parent\" data-id=\"6589f8f\" data-element_type=\"container\" data-settings=\"{&quot;background_background&quot;:&quot;classic&quot;}\">\n\t\t\t\t<div class=\"elementor-element elementor-element-66ea962 elementor-widget elementor-widget-heading\" data-id=\"66ea962\" data-element_type=\"widget\" data-widget_type=\"heading.default\">\n\t\t\t\t\t<h2 class=\"elementor-heading-title elementor-size-default\">Dlaczego My?<\/h2>\t\t\t\t<\/div>\n\t\t\t\t<div class=\"elementor-element elementor-element-0bfdca1 elementor-widget elementor-widget-text-editor\" data-id=\"0bfdca1\" data-element_type=\"widget\" data-widget_type=\"text-editor.default\">\n\t\t\t\t\t\t\t\t\t<p data-start=\"241\" data-end=\"534\">\u2714\ufe0f Certyfikowani trenerzy personalni i instruktorzy grupowi<br data-start=\"883\" data-end=\"886\" \/>\u2714\ufe0f Szeroka oferta zaj\u0119\u0107 \u2013 od jogi po trening cross<br data-start=\"936\" data-end=\"939\" \/>\u2714\ufe0f Sauna i strefa chilloutu po treningu<br data-start=\"978\" data-end=\"981\" \/>\u2714\ufe0f Karnety dopasowane do Twojego stylu \u017cycia<br data-start=\"1025\" data-end=\"1028\" \/>\u2714\ufe0f Dost\u0119p 24\/7 \u2013 trenujesz kiedy chcesz<\/p>\t\t\t\t\t\t\t\t<\/div>\n\t\t\t\t<\/div>\n\t\t<div class=\"elementor-element elementor-element-fe67b51 e-con-full e-flex e-con e-parent\" data-id=\"fe67b51\" data-element_type=\"container\" data-settings=\"{&quot;background_background&quot;:&quot;classic&quot;}\">\n\t\t\t\t<div class=\"elementor-element elementor-element-3d3385d elementor-widget elementor-widget-heading\" data-id=\"3d3385d\" data-element_type=\"widget\" data-widget_type=\"heading.default\">\n\t\t\t\t\t<h2 class=\"elementor-heading-title elementor-size-default\">Zaj\u0119cia grupowe<\/h2>\t\t\t\t<\/div>\n\t\t\t\t<div class=\"elementor-element elementor-element-2ee166b elementor-widget elementor-widget-text-editor\" data-id=\"2ee166b\" data-element_type=\"widget\" data-widget_type=\"text-editor.default\">\n\t\t\t\t\t\t\t\t\t<p data-start=\"1100\" data-end=\"1175\">Lubisz trenowa\u0107 w grupie? W PowerZone Gym znajdziesz zaj\u0119cia dla ka\u017cdego:<\/p><ul data-start=\"1176\" data-end=\"1434\"><li data-start=\"1176\" data-end=\"1253\"><p data-start=\"1178\" data-end=\"1253\"><strong data-start=\"1178\" data-end=\"1200\">Fitness &amp; spalanie<\/strong> \u2013 wysoka intensywno\u015b\u0107 i gwarantowane kalorie w d\u00f3\u0142<\/p><\/li><li data-start=\"1254\" data-end=\"1314\"><p data-start=\"1256\" data-end=\"1314\"><strong data-start=\"1256\" data-end=\"1277\">Joga &amp; stretching<\/strong> \u2013 harmonia, mobilno\u015b\u0107 i odpr\u0119\u017cenie<\/p><\/li><li data-start=\"1315\" data-end=\"1379\"><p data-start=\"1317\" data-end=\"1379\"><strong data-start=\"1317\" data-end=\"1335\">Cross Training<\/strong> \u2013 si\u0142a, wytrzyma\u0142o\u015b\u0107 i motywacja w teamie<\/p><\/li><li data-start=\"1380\" data-end=\"1434\"><p data-start=\"1382\" data-end=\"1434\"><strong data-start=\"1382\" data-end=\"1396\">Power Pump<\/strong> \u2013 sztangi, ci\u0119\u017cary i energia muzyki<\/p><\/li><\/ul>\t\t\t\t\t\t\t\t<\/div>\n\t\t\t\t<\/div>\n\t\t<div class=\"elementor-element elementor-element-b0accc0 e-con-full e-flex e-con e-parent\" data-id=\"b0accc0\" data-element_type=\"container\" data-settings=\"{&quot;background_background&quot;:&quot;classic&quot;}\">\n\t\t\t\t<div class=\"elementor-element elementor-element-86fb41a elementor-widget elementor-widget-heading\" data-id=\"86fb41a\" data-element_type=\"widget\" data-widget_type=\"heading.default\">\n\t\t\t\t\t<h2 class=\"elementor-heading-title elementor-size-default\">Trenerzy<\/h2>\t\t\t\t<\/div>\n\t\t\t\t<div class=\"elementor-element elementor-element-fd37690 elementor-widget elementor-widget-text-editor\" data-id=\"fd37690\" data-element_type=\"widget\" data-widget_type=\"text-editor.default\">\n\t\t\t\t\t\t\t\t\t<p data-start=\"1461\" data-end=\"1551\">Nasz zesp\u00f3\u0142 to do\u015bwiadczeni specjali\u015bci, kt\u00f3rzy zadbaj\u0105 o Twoje bezpiecze\u0144stwo i efekty.<\/p><ul data-start=\"1552\" data-end=\"1746\"><li data-start=\"1552\" data-end=\"1595\"><p data-start=\"1554\" data-end=\"1595\"><strong data-start=\"1554\" data-end=\"1593\">Micha\u0142 \u2013 specjalista od si\u0142y i masy<\/strong><\/p><\/li><li data-start=\"1596\" data-end=\"1638\"><p data-start=\"1598\" data-end=\"1638\"><strong data-start=\"1598\" data-end=\"1636\">Anna \u2013 trenerka fitness i redukcji<\/strong><\/p><\/li><li data-start=\"1639\" data-end=\"1746\"><p data-start=\"1641\" data-end=\"1746\"><strong data-start=\"1641\" data-end=\"1679\">Kuba \u2013 instruktor cross &amp; mobility<\/strong><br data-start=\"1679\" data-end=\"1682\" \/>Ka\u017cdy z nich stworzy plan idealnie dopasowany do Twoich cel\u00f3w.<\/p><\/li><\/ul>\t\t\t\t\t\t\t\t<\/div>\n\t\t<div class=\"elementor-element elementor-element-2ff32a8 e-con-full e-flex e-con e-child\" data-id=\"2ff32a8\" data-element_type=\"container\">\n\t\t<div class=\"elementor-element elementor-element-e0275ac e-con-full e-flex e-con e-child\" data-id=\"e0275ac\" data-element_type=\"container\">\n\t\t\t\t<div class=\"elementor-element elementor-element-eb16c84 elementor-widget elementor-widget-heading\" data-id=\"eb16c84\" data-element_type=\"widget\" data-widget_type=\"heading.default\">\n\t\t\t\t\t<h2 class=\"elementor-heading-title elementor-size-default\">Micha\u0142 \u2013 specjalista od si\u0142y i masy<\/h2>\t\t\t\t<\/div>\n\t\t\t\t<\/div>\n\t\t<div class=\"elementor-element elementor-element-ccd901b e-con-full e-flex e-con e-child\" data-id=\"ccd901b\" data-element_type=\"container\" data-settings=\"{&quot;background_background&quot;:&quot;classic&quot;}\">\n\t\t\t\t<div class=\"elementor-element elementor-element-4b0062e elementor-widget elementor-widget-spacer\" data-id=\"4b0062e\" data-element_type=\"widget\" data-widget_type=\"spacer.default\">\n\t\t\t\t\t\t\t<div class=\"elementor-spacer\">\n\t\t\t<div class=\"elementor-spacer-inner\"><\/div>\n\t\t<\/div>\n\t\t\t\t\t\t<\/div>\n\t\t\t\t<\/div>\n\t\t\t\t<\/div>\n\t\t<div class=\"elementor-element elementor-element-9edb420 e-con-full e-flex e-con e-child\" data-id=\"9edb420\" data-element_type=\"container\">\n\t\t\t\t<div class=\"elementor-element elementor-element-90a0974 elementor-widget elementor-widget-heading\" data-id=\"90a0974\" data-element_type=\"widget\" data-widget_type=\"heading.default\">\n\t\t\t\t\t<h2 class=\"elementor-heading-title elementor-size-default\">Anna \u2013 trenerka fitness i redukcji<\/h2>\t\t\t\t<\/div>\n\t\t<div class=\"elementor-element elementor-element-2bfe26b e-con-full e-flex e-con e-child\" data-id=\"2bfe26b\" data-element_type=\"container\" data-settings=\"{&quot;background_background&quot;:&quot;classic&quot;}\">\n\t\t\t\t<div class=\"elementor-element elementor-element-b00016e elementor-widget elementor-widget-spacer\" data-id=\"b00016e\" data-element_type=\"widget\" data-widget_type=\"spacer.default\">\n\t\t\t\t\t\t\t<div class=\"elementor-spacer\">\n\t\t\t<div class=\"elementor-spacer-inner\"><\/div>\n\t\t<\/div>\n\t\t\t\t\t\t<\/div>\n\t\t\t\t<\/div>\n\t\t\t\t<\/div>\n\t\t<div class=\"elementor-element elementor-element-298cde1 e-flex e-con-boxed e-con e-child\" data-id=\"298cde1\" data-element_type=\"container\">\n\t\t\t\t\t<div class=\"e-con-inner\">\n\t\t<div class=\"elementor-element elementor-element-72e8b90 e-con-full e-flex e-con e-child\" data-id=\"72e8b90\" data-element_type=\"container\">\n\t\t\t\t<div class=\"elementor-element elementor-element-cb9e712 elementor-widget elementor-widget-heading\" data-id=\"cb9e712\" data-element_type=\"widget\" data-widget_type=\"heading.default\">\n\t\t\t\t\t<h2 class=\"elementor-heading-title elementor-size-default\">Kuba \u2013 instruktor cross &amp; mobility<\/h2>\t\t\t\t<\/div>\n\t\t\t\t<\/div>\n\t\t<div class=\"elementor-element elementor-element-e887bca e-con-full e-flex e-con e-child\" data-id=\"e887bca\" data-element_type=\"container\" data-settings=\"{&quot;background_background&quot;:&quot;classic&quot;}\">\n\t\t\t\t<div class=\"elementor-element elementor-element-a680b50 elementor-widget elementor-widget-spacer\" data-id=\"a680b50\" data-element_type=\"widget\" data-widget_type=\"spacer.default\">\n\t\t\t\t\t\t\t<div class=\"elementor-spacer\">\n\t\t\t<div class=\"elementor-spacer-inner\"><\/div>\n\t\t<\/div>\n\t\t\t\t\t\t<\/div>\n\t\t\t\t<\/div>\n\t\t\t\t\t<\/div>\n\t\t\t\t<\/div>\n\t\t\t\t<div class=\"elementor-element elementor-element-0db8cb9 elementor-widget elementor-widget-text-editor\" data-id=\"0db8cb9\" data-element_type=\"widget\" data-widget_type=\"text-editor.default\">\n\t\t\t\t\t\t\t\t\t<p>Ka\u017cdy z nich stworzy plan idealnie dopasowany do Twoich cel\u00f3w.<\/p>\t\t\t\t\t\t\t\t<\/div>\n\t\t\t\t<\/div>\n\t\t<div class=\"elementor-element elementor-element-e90737c e-con-full e-flex e-con e-parent\" data-id=\"e90737c\" data-element_type=\"container\" data-settings=\"{&quot;background_background&quot;:&quot;classic&quot;,&quot;background_motion_fx_motion_fx_mouse&quot;:&quot;yes&quot;,&quot;background_motion_fx_mouseTrack_effect&quot;:&quot;yes&quot;,&quot;background_motion_fx_mouseTrack_speed&quot;:{&quot;unit&quot;:&quot;px&quot;,&quot;size&quot;:0.3,&quot;sizes&quot;:[]}}\">\n\t\t<div class=\"elementor-element elementor-element-ff9099a e-con-full e-flex e-con e-child\" data-id=\"ff9099a\" data-element_type=\"container\">\n\t\t<div class=\"elementor-element elementor-element-b7700c8 e-con-full e-flex e-con e-child\" data-id=\"b7700c8\" data-element_type=\"container\">\n\t\t\t\t<div class=\"elementor-element elementor-element-2692393 elementor-widget elementor-widget-heading\" data-id=\"2692393\" data-element_type=\"widget\" data-widget_type=\"heading.default\">\n\t\t\t\t\t<h2 class=\"elementor-heading-title elementor-size-default\">Skontaktuj si\u0119 z nami i zacznij swoj\u0105 przygod\u0119 ju\u017c dzisiaj <\/h2>\t\t\t\t<\/div>\n\t\t\t\t<\/div>\n\t\t\t\t<div class=\"elementor-element elementor-element-0e01aa3 eael-wpforms-form-button-full-width elementor-widget__width-initial eael-wpforms-labels-yes elementor-widget elementor-widget-eael-wpforms\" data-id=\"0e01aa3\" data-element_type=\"widget\" data-widget_type=\"eael-wpforms.default\">\n\t\t\t\t\t            <div class=\"eael-contact-form eael-wpforms eael-wpforms-align-default\">\n                                <div class=\"wpforms-container wpforms-container-full wpforms-render-modern\" id=\"wpforms-86\"><form id=\"wpforms-form-86\" class=\"wpforms-validate wpforms-form wpforms-ajax-form\" data-formid=\"86\" method=\"post\" enctype=\"multipart\/form-data\" action=\"\/index.php?rest_route=%2Fwp%2Fv2%2Fpages%2F20\" data-token=\"55d0816f226b5570b84cabcaec836990\" data-token-time=\"1776596296\"><div class=\"wpforms-head-container\"><\/div><noscript class=\"wpforms-error-noscript\">Please enable JavaScript in your browser to complete this form.<\/noscript><div id=\"wpforms-error-noscript\" style=\"display: none;\">Please enable JavaScript in your browser to complete this form.<\/div><div class=\"wpforms-field-container\"><div id=\"wpforms-86-field_1-container\" class=\"wpforms-field wpforms-field-name\" data-field-id=\"1\"><input type=\"text\" id=\"wpforms-86-field_1\" class=\"wpforms-field-medium wpforms-field-required\" name=\"wpforms[fields][1]\" placeholder=\"Imie i Nazwisko\" aria-errormessage=\"wpforms-86-field_1-error\" required><\/div><div id=\"wpforms-86-field_2-container\" class=\"wpforms-field wpforms-field-email\" data-field-id=\"2\"><input type=\"email\" id=\"wpforms-86-field_2\" class=\"wpforms-field-medium wpforms-field-required\" name=\"wpforms[fields][2]\" placeholder=\"Adres Email\" spellcheck=\"false\" aria-errormessage=\"wpforms-86-field_2-error\" required><\/div><div id=\"wpforms-86-field_5-container\" class=\"wpforms-field wpforms-field-text\" data-field-id=\"5\"><input type=\"text\" id=\"wpforms-86-field_5\" class=\"wpforms-field-medium\" name=\"wpforms[fields][5]\" placeholder=\"Numer Telefonu\" aria-errormessage=\"wpforms-86-field_5-error\" ><\/div>\t\t<div id=\"wpforms-86-field_4-container\"\n\t\t\tclass=\"wpforms-field wpforms-field-text\"\n\t\t\tdata-field-type=\"text\"\n\t\t\tdata-field-id=\"4\"\n\t\t\t>\n\t\t\t<label class=\"wpforms-field-label\" for=\"wpforms-86-field_4\" ><\/label>\n\t\t\t<input type=\"text\" id=\"wpforms-86-field_4\" class=\"wpforms-field-medium\" name=\"wpforms[fields][4]\" >\n\t\t<\/div>\n\t\t<div id=\"wpforms-86-field_3-container\" class=\"wpforms-field wpforms-field-textarea\" data-field-id=\"3\"><textarea id=\"wpforms-86-field_3\" class=\"wpforms-field-medium\" name=\"wpforms[fields][3]\" placeholder=\"Wpisz swoj\u0105 wiadomo\u015b\u0107\" aria-errormessage=\"wpforms-86-field_3-error\" ><\/textarea><\/div><script>\n\t\t\t\t( function() {\n\t\t\t\t\tconst style = document.createElement( 'style' );\n\t\t\t\t\tstyle.appendChild( document.createTextNode( '#wpforms-86-field_4-container { position: absolute !important; overflow: hidden !important; display: inline !important; height: 1px !important; width: 1px !important; z-index: -1000 !important; padding: 0 !important; } #wpforms-86-field_4-container input { visibility: hidden; } #wpforms-conversational-form-page #wpforms-86-field_4-container label { counter-increment: none; }' ) );\n\t\t\t\t\tdocument.head.appendChild( style );\n\t\t\t\t\tdocument.currentScript?.remove();\n\t\t\t\t} )();\n\t\t\t<\/script><\/div><!-- .wpforms-field-container --><div class=\"wpforms-submit-container\" ><input type=\"hidden\" name=\"wpforms[id]\" value=\"86\"><input type=\"hidden\" name=\"page_title\" value=\"\"><input type=\"hidden\" name=\"page_url\" value=\"https:\/\/powerzonegym.cezaryzagorski.pl\/index.php?rest_route=\/wp\/v2\/pages\/20\"><input type=\"hidden\" name=\"url_referer\" value=\"\"><button type=\"submit\" name=\"wpforms[submit]\" id=\"wpforms-submit-86\" class=\"wpforms-submit\" data-alt-text=\"Wysy\u0142anie...\" data-submit-text=\"Prze\u015blij\" aria-live=\"assertive\" value=\"wpforms-submit\">Prze\u015blij<\/button><img decoding=\"async\" src=\"https:\/\/powerzonegym.cezaryzagorski.pl\/wp-content\/plugins\/wpforms\/assets\/images\/submit-spin.svg\" class=\"wpforms-submit-spinner\" style=\"display: none;\" width=\"26\" height=\"26\" alt=\"Loading\"><\/div><\/form><\/div>  <!-- .wpforms-container -->            <\/div>\n\t\t\t\t<\/div>\n\t\t\t\t<\/div>\n\t\t\t\t<\/div>\n\t\t\t\t<\/div>\n\t\t","protected":false},"excerpt":{"rendered":"<p>PowerZone Gym \u2013 Twoje miejsce treningu w centrum miasta Najlepsza si\u0142ownia w mie\u015bcie \u2013 sprawd\u017a, dlaczego warto trenowa\u0107 z nami! [&hellip;]<\/p>\n","protected":false},"author":1,"featured_media":0,"parent":0,"menu_order":0,"comment_status":"closed","ping_status":"closed","template":"elementor_header_footer","meta":{"site-sidebar-layout":"default","site-content-layout":"","ast-site-content-layout":"full-width-container","site-content-style":"unboxed","site-sidebar-style":"default","ast-global-header-display":"","ast-banner-title-visibility":"","ast-main-header-display":"","ast-hfb-above-header-display":"","ast-hfb-below-header-display":"","ast-hfb-mobile-header-display":"","site-post-title":"","ast-breadcrumbs-content":"","ast-featured-img":"","footer-sml-layout":"","theme-transparent-header-meta":"","adv-header-id-meta":"","stick-header-meta":"","header-above-stick-meta":"","header-main-stick-meta":"","header-below-stick-meta":"","astra-migrate-meta-layouts":"default","ast-page-background-enabled":"default","ast-page-background-meta":{"desktop":{"background-color":"var(--ast-global-color-5)","background-image":"","background-repeat":"repeat","background-position":"center center","background-size":"auto","background-attachment":"scroll","background-type":"","background-media":"","overlay-type":"","overlay-color":"","overlay-opacity":"","overlay-gradient":""},"tablet":{"background-color":"","background-image":"","background-repeat":"repeat","background-position":"center center","background-size":"auto","background-attachment":"scroll","background-type":"","background-media":"","overlay-type":"","overlay-color":"","overlay-opacity":"","overlay-gradient":""},"mobile":{"background-color":"","background-image":"","background-repeat":"repeat","background-position":"center center","background-size":"auto","background-attachment":"scroll","background-type":"","background-media":"","overlay-type":"","overlay-color":"","overlay-opacity":"","overlay-gradient":""}},"ast-content-background-meta":{"desktop":{"background-color":"var(--ast-global-color-4)","background-image":"","background-repeat":"repeat","background-position":"center center","background-size":"auto","background-attachment":"scroll","background-type":"","background-media":"","overlay-type":"","overlay-color":"","overlay-opacity":"","overlay-gradient":""},"tablet":{"background-color":"var(--ast-global-color-4)","background-image":"","background-repeat":"repeat","background-position":"center center","background-size":"auto","background-attachment":"scroll","background-type":"","background-media":"","overlay-type":"","overlay-color":"","overlay-opacity":"","overlay-gradient":""},"mobile":{"background-color":"var(--ast-global-color-4)","background-image":"","background-repeat":"repeat","background-position":"center center","background-size":"auto","background-attachment":"scroll","background-type":"","background-media":"","overlay-type":"","overlay-color":"","overlay-opacity":"","overlay-gradient":""}},"footnotes":""},"class_list":["post-20","page","type-page","status-publish","hentry"],"_links":{"self":[{"href":"https:\/\/powerzonegym.cezaryzagorski.pl\/index.php?rest_route=\/wp\/v2\/pages\/20","targetHints":{"allow":["GET"]}}],"collection":[{"href":"https:\/\/powerzonegym.cezaryzagorski.pl\/index.php?rest_route=\/wp\/v2\/pages"}],"about":[{"href":"https:\/\/powerzonegym.cezaryzagorski.pl\/index.php?rest_route=\/wp\/v2\/types\/page"}],"author":[{"embeddable":true,"href":"https:\/\/powerzonegym.cezaryzagorski.pl\/index.php?rest_route=\/wp\/v2\/users\/1"}],"replies":[{"embeddable":true,"href":"https:\/\/powerzonegym.cezaryzagorski.pl\/index.php?rest_route=%2Fwp%2Fv2%2Fcomments&post=20"}],"version-history":[{"count":19,"href":"https:\/\/powerzonegym.cezaryzagorski.pl\/index.php?rest_route=\/wp\/v2\/pages\/20\/revisions"}],"predecessor-version":[{"id":179,"href":"https:\/\/powerzonegym.cezaryzagorski.pl\/index.php?rest_route=\/wp\/v2\/pages\/20\/revisions\/179"}],"wp:attachment":[{"href":"https:\/\/powerzonegym.cezaryzagorski.pl\/index.php?rest_route=%2Fwp%2Fv2%2Fmedia&parent=20"}],"curies":[{"name":"wp","href":"https:\/\/api.w.org\/{rel}","templated":true}]}}